{"id":5093,"date":"2022-11-04T15:36:36","date_gmt":"2022-11-04T08:36:36","guid":{"rendered":"https:\/\/ceramicfurniture.com\/?page_id=5093"},"modified":"2023-09-17T15:41:45","modified_gmt":"2023-09-17T15:41:45","slug":"corporate","status":"publish","type":"page","link":"http:\/\/ceramicfurniture.com\/tr\/corporate\/","title":{"rendered":"Kurumsal"},"content":{"rendered":"<div data-elementor-type=\"wp-page\" data-elementor-id=\"5093\" class=\"elementor elementor-5093\" data-elementor-post-type=\"page\">\n\t\t\t\t\t\t\t<div class=\"elementor-element elementor-element-19df130 e-flex e-con-boxed e-con e-parent\" data-id=\"19df130\" data-element_type=\"container\" data-settings=\"{&quot;content_width&quot;:&quot;boxed&quot;}\" data-core-v316-plus=\"true\">\n\t\t\t\t\t<div class=\"e-con-inner\">\n\t\t\t\t<div class=\"elementor-element elementor-element-6b26eee elementor-widget elementor-widget-heading\" data-id=\"6b26eee\" data-element_type=\"widget\" data-widget_type=\"heading.default\">\n\t\t\t\t<div class=\"elementor-widget-container\">\n\t\t\t<h2 class=\"elementor-heading-title elementor-size-default\">Ceramic Furniture Hakk\u0131nda<\/h2>\t\t<\/div>\n\t\t\t\t<\/div>\n\t\t\t\t<div class=\"elementor-element elementor-element-4a96844 elementor-widget__width-initial elementor-widget elementor-widget-text-editor\" data-id=\"4a96844\" data-element_type=\"widget\" data-widget_type=\"text-editor.default\">\n\t\t\t\t<div class=\"elementor-widget-container\">\n\t\t\t\t\t\t\t<p>Tasarlad\u0131\u011f\u0131m\u0131z zarif mobilya par\u00e7alar\u0131, seramiklerin zamans\u0131z zarafetini mobilyalar\u0131n i\u015flevsel g\u00fczelli\u011fiyle birle\u015ftirir. Kalite, yenilik ve tasar\u0131m m\u00fckemmeli\u011fine olan taahh\u00fcd\u00fcm\u00fcz, bizi mobilya end\u00fcstrisinde g\u00fcvenilen bir isim haline getirmi\u015ftir.<\/p>\t\t\t\t\t\t<\/div>\n\t\t\t\t<\/div>\n\t\t\t\t\t<\/div>\n\t\t\t\t<\/div>\n\t\t<div class=\"elementor-element elementor-element-c4e81fc e-flex e-con-boxed e-con e-parent\" data-id=\"c4e81fc\" data-element_type=\"container\" data-settings=\"{&quot;background_background&quot;:&quot;classic&quot;,&quot;content_width&quot;:&quot;boxed&quot;}\" data-core-v316-plus=\"true\">\n\t\t\t\t\t<div class=\"e-con-inner\">\n\t\t\t\t\t<\/div>\n\t\t\t\t<\/div>\n\t\t<div class=\"elementor-element elementor-element-84d6d60 e-flex e-con-boxed e-con e-parent\" data-id=\"84d6d60\" data-element_type=\"container\" data-settings=\"{&quot;content_width&quot;:&quot;boxed&quot;}\" data-core-v316-plus=\"true\">\n\t\t\t\t\t<div class=\"e-con-inner\">\n\t\t<div class=\"elementor-element elementor-element-df5da85 e-con-full e-flex e-con e-child\" data-id=\"df5da85\" data-element_type=\"container\" data-settings=\"{&quot;content_width&quot;:&quot;full&quot;}\">\n\t\t\t\t<div class=\"elementor-element elementor-element-ecedf92 elementor-widget elementor-widget-image\" data-id=\"ecedf92\" data-element_type=\"widget\" data-widget_type=\"image.default\">\n\t\t\t\t<div class=\"elementor-widget-container\">\n\t\t\t\t\t\t\t\t\t\t\t\t\t\t\t<img decoding=\"async\" loading=\"lazy\" width=\"650\" height=\"450\" src=\"https:\/\/ceramicfurniture.com\/wp-content\/uploads\/2023\/09\/porcelain-ceramic-tiles.jpg\" class=\"elementor-animation-grow attachment-full size-full wp-image-6672\" alt=\"\" srcset=\"https:\/\/ceramicfurniture.com\/wp-content\/uploads\/2023\/09\/porcelain-ceramic-tiles.jpg 650w, https:\/\/ceramicfurniture.com\/wp-content\/uploads\/2023\/09\/porcelain-ceramic-tiles-300x208.jpg 300w\" sizes=\"(max-width: 650px) 100vw, 650px\" \/>\t\t\t\t\t\t\t\t\t\t\t\t\t\t\t<\/div>\n\t\t\t\t<\/div>\n\t\t\t\t<\/div>\n\t\t<div class=\"elementor-element elementor-element-bbeab9c e-con-full e-flex e-con e-child\" data-id=\"bbeab9c\" data-element_type=\"container\" data-settings=\"{&quot;content_width&quot;:&quot;full&quot;}\">\n\t\t\t\t<div class=\"elementor-element elementor-element-8e4cbbd elementor-widget elementor-widget-spacer\" data-id=\"8e4cbbd\" data-element_type=\"widget\" data-widget_type=\"spacer.default\">\n\t\t\t\t<div class=\"elementor-widget-container\">\n\t\t\t\t\t<div class=\"elementor-spacer\">\n\t\t\t<div class=\"elementor-spacer-inner\"><\/div>\n\t\t<\/div>\n\t\t\t\t<\/div>\n\t\t\t\t<\/div>\n\t\t\t\t<div class=\"elementor-element elementor-element-ab5f96b elementor-widget elementor-widget-heading\" data-id=\"ab5f96b\" data-element_type=\"widget\" data-widget_type=\"heading.default\">\n\t\t\t\t<div class=\"elementor-widget-container\">\n\t\t\t<h6 class=\"elementor-heading-title elementor-size-default\">Vizyonumuz<\/h6>\t\t<\/div>\n\t\t\t\t<\/div>\n\t\t\t\t<div class=\"elementor-element elementor-element-9ef3237 elementor-widget elementor-widget-spacer\" data-id=\"9ef3237\" data-element_type=\"widget\" data-widget_type=\"spacer.default\">\n\t\t\t\t<div class=\"elementor-widget-container\">\n\t\t\t\t\t<div class=\"elementor-spacer\">\n\t\t\t<div class=\"elementor-spacer-inner\"><\/div>\n\t\t<\/div>\n\t\t\t\t<\/div>\n\t\t\t\t<\/div>\n\t\t\t\t<div class=\"elementor-element elementor-element-f9a1bb9 elementor-widget-tablet__width-initial elementor-widget elementor-widget-text-editor\" data-id=\"f9a1bb9\" data-element_type=\"widget\" data-widget_type=\"text-editor.default\">\n\t\t\t\t<div class=\"elementor-widget-container\">\n\t\t\t\t\t\t\t<p>Ceramic Furniture olarak vizyonumuz, insanlar\u0131n mobilyay\u0131 alg\u0131lama ve deneyimleme \u015feklini yeniden tan\u0131mlamakt\u0131r. Seramiklerle mobilya tasar\u0131m\u0131n\u0131n birle\u015fiminde \u00f6nc\u00fc olmay\u0131 hedefliyor, yaln\u0131zca i\u015flevsel de\u011fil ayn\u0131 zamanda sanat eseri niteli\u011finde olan par\u00e7alar yarat\u0131yoruz. Benzersiz tasar\u0131mlar\u0131m\u0131zla ya\u015fam alanlar\u0131na ilham vermek ve onlar\u0131 zenginle\u015ftirmek istiyoruz<\/p>\t\t\t\t\t\t<\/div>\n\t\t\t\t<\/div>\n\t\t\t\t<div class=\"elementor-element elementor-element-73b20a2 elementor-widget elementor-widget-spacer\" data-id=\"73b20a2\" data-element_type=\"widget\" data-widget_type=\"spacer.default\">\n\t\t\t\t<div class=\"elementor-widget-container\">\n\t\t\t\t\t<div class=\"elementor-spacer\">\n\t\t\t<div class=\"elementor-spacer-inner\"><\/div>\n\t\t<\/div>\n\t\t\t\t<\/div>\n\t\t\t\t<\/div>\n\t\t\t\t<div class=\"elementor-element elementor-element-1fa3292 elementor-widget elementor-widget-heading\" data-id=\"1fa3292\" data-element_type=\"widget\" data-widget_type=\"heading.default\">\n\t\t\t\t<div class=\"elementor-widget-container\">\n\t\t\t<h6 class=\"elementor-heading-title elementor-size-default\">Misyonumuz<\/h6>\t\t<\/div>\n\t\t\t\t<\/div>\n\t\t\t\t<div class=\"elementor-element elementor-element-af558f8 elementor-widget elementor-widget-spacer\" data-id=\"af558f8\" data-element_type=\"widget\" data-widget_type=\"spacer.default\">\n\t\t\t\t<div class=\"elementor-widget-container\">\n\t\t\t\t\t<div class=\"elementor-spacer\">\n\t\t\t<div class=\"elementor-spacer-inner\"><\/div>\n\t\t<\/div>\n\t\t\t\t<\/div>\n\t\t\t\t<\/div>\n\t\t\t\t<div class=\"elementor-element elementor-element-1c1eb75 elementor-widget-tablet__width-initial elementor-widget elementor-widget-text-editor\" data-id=\"1c1eb75\" data-element_type=\"widget\" data-widget_type=\"text-editor.default\">\n\t\t\t\t<div class=\"elementor-widget-container\">\n\t\t\t\t\t\t\t<p>Serami\u011fin sanatsall\u0131\u011f\u0131n\u0131 ve dayan\u0131kl\u0131l\u0131\u011f\u0131n\u0131 evlerinizin ve ofislerinizin merkezine ta\u015f\u0131makt\u0131r. Sofistike, kaliteli ve i\u015flevselli\u011fi simgeleyen \u00fcr\u00fcnler sunmaya \u00e7al\u0131\u015f\u0131yoruz. S\u00fcrekli olarak yenilik yap\u0131yor ve yetenekli zanaatkarlarla i\u015fbirli\u011fi yaparak zaman\u0131n \u00f6tesinde  mobilyalar \u00fcretiyoruz, ya\u015fam \u00e7evrenizi geli\u015ftiriyor ve ki\u015fisel tarz\u0131n\u0131z\u0131 yans\u0131t\u0131yoruz<\/p><p>Ceramic Furniture olarak, sadece mobilya \u00fcretmiyoruz; ayn\u0131 zamanda g\u00fczellik, zanaat ve i\u015flevselli\u011fi i\u00e7selle\u015ftiren bir ya\u015fam tarz\u0131 olu\u015fturuyoruz. Bizimle beraber bu zamans\u0131z zarafetin ifadesine d\u00f6n\u00fc\u015ft\u00fcrme yolculu\u011fumuza kat\u0131l\u0131n<\/p>\t\t\t\t\t\t<\/div>\n\t\t\t\t<\/div>\n\t\t\t\t<div class=\"elementor-element elementor-element-521b7bc elementor-widget elementor-widget-spacer\" data-id=\"521b7bc\" data-element_type=\"widget\" data-widget_type=\"spacer.default\">\n\t\t\t\t<div class=\"elementor-widget-container\">\n\t\t\t\t\t<div class=\"elementor-spacer\">\n\t\t\t<div class=\"elementor-spacer-inner\"><\/div>\n\t\t<\/div>\n\t\t\t\t<\/div>\n\t\t\t\t<\/div>\n\t\t\t\t<div class=\"elementor-element elementor-element-2e2366c elementor-widget elementor-widget-spacer\" data-id=\"2e2366c\" data-element_type=\"widget\" data-widget_type=\"spacer.default\">\n\t\t\t\t<div class=\"elementor-widget-container\">\n\t\t\t\t\t<div class=\"elementor-spacer\">\n\t\t\t<div class=\"elementor-spacer-inner\"><\/div>\n\t\t<\/div>\n\t\t\t\t<\/div>\n\t\t\t\t<\/div>\n\t\t\t\t<\/div>\n\t\t\t\t\t<\/div>\n\t\t\t\t<\/div>\n\t\t<div class=\"elementor-element elementor-element-598b891 e-flex e-con-boxed e-con e-parent\" data-id=\"598b891\" data-element_type=\"container\" data-settings=\"{&quot;background_background&quot;:&quot;classic&quot;,&quot;content_width&quot;:&quot;boxed&quot;}\" data-core-v316-plus=\"true\">\n\t\t\t\t\t<div class=\"e-con-inner\">\n\t\t\t\t<div class=\"elementor-element elementor-element-3a475c8 elementor-widget elementor-widget-heading\" data-id=\"3a475c8\" data-element_type=\"widget\" data-widget_type=\"heading.default\">\n\t\t\t\t<div class=\"elementor-widget-container\">\n\t\t\t<h2 class=\"elementor-heading-title elementor-size-default\">Y\u00fcksek Kaliteli \u00dcr\u00fcnler \u00dcretiyoruz<\/h2>\t\t<\/div>\n\t\t\t\t<\/div>\n\t\t\t\t<div class=\"elementor-element elementor-element-05355b0 elementor-widget elementor-widget-spacer\" data-id=\"05355b0\" data-element_type=\"widget\" data-widget_type=\"spacer.default\">\n\t\t\t\t<div class=\"elementor-widget-container\">\n\t\t\t\t\t<div class=\"elementor-spacer\">\n\t\t\t<div class=\"elementor-spacer-inner\"><\/div>\n\t\t<\/div>\n\t\t\t\t<\/div>\n\t\t\t\t<\/div>\n\t\t\t\t<div class=\"elementor-element elementor-element-6ea8c8a elementor-widget__width-initial elementor-widget elementor-widget-text-editor\" data-id=\"6ea8c8a\" data-element_type=\"widget\" data-widget_type=\"text-editor.default\">\n\t\t\t\t<div class=\"elementor-widget-container\">\n\t\t\t\t\t\t\t<p>Her \u00fcr\u00fcnde samimiyet. Ceramic Furniture ile ald\u0131\u011f\u0131n\u0131z \u015feyin sadece ger\u00e7ek, kaliteli zanaat oldu\u011funa g\u00fcvenebilirsiniz.<\/p>\t\t\t\t\t\t<\/div>\n\t\t\t\t<\/div>\n\t\t\t\t<div class=\"elementor-element elementor-element-bf27731 elementor-widget elementor-widget-spacer\" data-id=\"bf27731\" data-element_type=\"widget\" data-widget_type=\"spacer.default\">\n\t\t\t\t<div class=\"elementor-widget-container\">\n\t\t\t\t\t<div class=\"elementor-spacer\">\n\t\t\t<div class=\"elementor-spacer-inner\"><\/div>\n\t\t<\/div>\n\t\t\t\t<\/div>\n\t\t\t\t<\/div>\n\t\t\t\t<div class=\"elementor-element elementor-element-b216a36 elementor-align-center elementor-widget elementor-widget-button\" data-id=\"b216a36\" data-element_type=\"widget\" data-widget_type=\"button.default\">\n\t\t\t\t<div class=\"elementor-widget-container\">\n\t\t\t\t\t<div class=\"elementor-button-wrapper\">\n\t\t\t<a class=\"elementor-button elementor-button-link elementor-size-sm\" href=\"http:\/\/ceramicfurniture.com\/tr\/contact\/\">\n\t\t\t\t\t\t<span class=\"elementor-button-content-wrapper\">\n\t\t\t\t\t\t<span class=\"elementor-button-text\">\u0130leti\u015fim<\/span>\n\t\t<\/span>\n\t\t\t\t\t<\/a>\n\t\t<\/div>\n\t\t\t\t<\/div>\n\t\t\t\t<\/div>\n\t\t\t\t\t<\/div>\n\t\t\t\t<\/div>\n\t\t<div class=\"elementor-element elementor-element-7b06cee e-flex e-con-boxed e-con e-parent\" data-id=\"7b06cee\" data-element_type=\"container\" data-settings=\"{&quot;content_width&quot;:&quot;boxed&quot;}\" data-core-v316-plus=\"true\">\n\t\t\t\t\t<div class=\"e-con-inner\">\n\t\t\t\t\t<\/div>\n\t\t\t\t<\/div>\n\t\t\t\t\t\t\t<\/div>","protected":false},"excerpt":{"rendered":"<p>About Ceramic Furniture We craft exquisite pieces of furniture that blend the timeless elegance of ceramics with the functional beauty of furnishings. Our commitment to quality, innovation, and design excellence has made us a trusted name in the furniture industry. Our Vision: Our vision at Ceramic Furniture is to redefine the way people perceive and [&hellip;]<\/p>","protected":false},"author":1,"featured_media":0,"parent":0,"menu_order":0,"comment_status":"closed","ping_status":"closed","template":"","meta":{"footnotes":""},"aioseo_notices":[],"_links":{"self":[{"href":"http:\/\/ceramicfurniture.com\/tr\/wp-json\/wp\/v2\/pages\/5093"}],"collection":[{"href":"http:\/\/ceramicfurniture.com\/tr\/wp-json\/wp\/v2\/pages"}],"about":[{"href":"http:\/\/ceramicfurniture.com\/tr\/wp-json\/wp\/v2\/types\/page"}],"author":[{"embeddable":true,"href":"http:\/\/ceramicfurniture.com\/tr\/wp-json\/wp\/v2\/users\/1"}],"replies":[{"embeddable":true,"href":"http:\/\/ceramicfurniture.com\/tr\/wp-json\/wp\/v2\/comments?post=5093"}],"version-history":[{"count":38,"href":"http:\/\/ceramicfurniture.com\/tr\/wp-json\/wp\/v2\/pages\/5093\/revisions"}],"predecessor-version":[{"id":6678,"href":"http:\/\/ceramicfurniture.com\/tr\/wp-json\/wp\/v2\/pages\/5093\/revisions\/6678"}],"wp:attachment":[{"href":"http:\/\/ceramicfurniture.com\/tr\/wp-json\/wp\/v2\/media?parent=5093"}],"curies":[{"name":"wp","href":"https:\/\/api.w.org\/{rel}","templated":true}]}}