{"id":6464,"date":"2023-09-17T00:02:27","date_gmt":"2023-09-17T00:02:27","guid":{"rendered":"https:\/\/ceramicfurniture.com\/?post_type=product&#038;p=6464"},"modified":"2023-10-17T20:25:36","modified_gmt":"2023-10-17T20:25:36","slug":"bianca-tv-unit","status":"publish","type":"product","link":"http:\/\/ceramicfurniture.com\/tr\/product\/bianca-tv-unit\/","title":{"rendered":"Bianca TV \u00dcnitesi"},"content":{"rendered":"<div class=\"pd_item\">\n<h4 style=\"text-align: center;\">\u00dcr\u00fcn \u00d6l\u00e7\u00fcleri<\/h4>\n<div class=\"table-responsive\">\n<table class=\"table table-dark table-hover table-borderless\">\n<thead>\n<tr>\n<th><strong>Modul Ad\u0131<\/strong><\/th>\n<th class=\"text-center\">Geni\u015flik<\/th>\n<th class=\"text-center\">Derinlik<\/th>\n<th class=\"text-center\">Y\u00fckseklik<\/th>\n<\/tr>\n<\/thead>\n<tbody>\n<tr>\n<td class=\"bg-dark text-muted valign-center\">Alt Blok<\/td>\n<td class=\"text-center\">236<\/td>\n<td class=\"text-center\">50<\/td>\n<td class=\"text-center\">55<\/td>\n<\/tr>\n<tr>\n<td class=\"bg-dark text-muted valign-center\">\u00dcst Blok<\/td>\n<td class=\"text-center\">80<\/td>\n<td class=\"text-center\">26<\/td>\n<td class=\"text-center\">92<\/td>\n<\/tr>\n<\/tbody>\n<\/table>\n<\/div>\n<\/div>","protected":false},"excerpt":{"rendered":"<p>Product Sizes Module Name Width Depth Height Bottom Panel 236 50 55 Top Panel 80 26 92<\/p>","protected":false},"featured_media":6465,"template":"","meta":[],"product_cat":[150],"product_tag":[],"aioseo_notices":[],"_links":{"self":[{"href":"http:\/\/ceramicfurniture.com\/tr\/wp-json\/wp\/v2\/product\/6464"}],"collection":[{"href":"http:\/\/ceramicfurniture.com\/tr\/wp-json\/wp\/v2\/product"}],"about":[{"href":"http:\/\/ceramicfurniture.com\/tr\/wp-json\/wp\/v2\/types\/product"}],"wp:featuredmedia":[{"embeddable":true,"href":"http:\/\/ceramicfurniture.com\/tr\/wp-json\/wp\/v2\/media\/6465"}],"wp:attachment":[{"href":"http:\/\/ceramicfurniture.com\/tr\/wp-json\/wp\/v2\/media?parent=6464"}],"wp:term":[{"taxonomy":"product_cat","embeddable":true,"href":"http:\/\/ceramicfurniture.com\/tr\/wp-json\/wp\/v2\/product_cat?post=6464"},{"taxonomy":"product_tag","embeddable":true,"href":"http:\/\/ceramicfurniture.com\/tr\/wp-json\/wp\/v2\/product_tag?post=6464"}],"curies":[{"name":"wp","href":"https:\/\/api.w.org\/{rel}","templated":true}]}}