{"id":6491,"date":"2023-09-16T00:24:21","date_gmt":"2023-09-16T00:24:21","guid":{"rendered":"https:\/\/ceramicfurniture.com\/?post_type=product&#038;p=6491"},"modified":"2023-10-17T20:41:14","modified_gmt":"2023-10-17T20:41:14","slug":"pab-tv-unit","status":"publish","type":"product","link":"http:\/\/ceramicfurniture.com\/tr\/product\/pab-tv-unit\/","title":{"rendered":"Pab TV \u00dcnitesi"},"content":{"rendered":"<div class=\"pd_item\">\n<h4 style=\"text-align: center;\">\u00dcr\u00fcn \u00d6l\u00e7\u00fcleri<\/h4>\n<div class=\"table-responsive\">\n<table class=\"table table-dark table-hover table-borderless\">\n<thead>\n<tr>\n<th><strong>Modul Ad\u0131<\/strong><\/th>\n<th class=\"text-center\">Geni\u015flik<\/th>\n<th class=\"text-center\">Derinlik<\/th>\n<th class=\"text-center\">Y\u00fckseklik<\/th>\n<\/tr>\n<\/thead>\n<tbody>\n<tr>\n<td class=\"bg-dark text-muted valign-center\">TV \u00dcnitesi<\/td>\n<td class=\"text-center\">214<\/td>\n<td class=\"text-center\">49<\/td>\n<td class=\"text-center\">55<\/td>\n<\/tr>\n<\/tbody>\n<\/table>\n<\/div>\n<\/div>","protected":false},"excerpt":{"rendered":"<p>Product Sizes Module Name Width Depth Height TV Unit 214 49 55<\/p>","protected":false},"featured_media":6492,"template":"","meta":[],"product_cat":[150],"product_tag":[],"aioseo_notices":[],"_links":{"self":[{"href":"http:\/\/ceramicfurniture.com\/tr\/wp-json\/wp\/v2\/product\/6491"}],"collection":[{"href":"http:\/\/ceramicfurniture.com\/tr\/wp-json\/wp\/v2\/product"}],"about":[{"href":"http:\/\/ceramicfurniture.com\/tr\/wp-json\/wp\/v2\/types\/product"}],"wp:featuredmedia":[{"embeddable":true,"href":"http:\/\/ceramicfurniture.com\/tr\/wp-json\/wp\/v2\/media\/6492"}],"wp:attachment":[{"href":"http:\/\/ceramicfurniture.com\/tr\/wp-json\/wp\/v2\/media?parent=6491"}],"wp:term":[{"taxonomy":"product_cat","embeddable":true,"href":"http:\/\/ceramicfurniture.com\/tr\/wp-json\/wp\/v2\/product_cat?post=6491"},{"taxonomy":"product_tag","embeddable":true,"href":"http:\/\/ceramicfurniture.com\/tr\/wp-json\/wp\/v2\/product_tag?post=6491"}],"curies":[{"name":"wp","href":"https:\/\/api.w.org\/{rel}","templated":true}]}}