{"id":6549,"date":"2023-09-16T01:49:03","date_gmt":"2023-09-16T01:49:03","guid":{"rendered":"https:\/\/ceramicfurniture.com\/?post_type=product&#038;p=6549"},"modified":"2023-10-17T20:35:19","modified_gmt":"2023-10-17T20:35:19","slug":"skew-coffee-table","status":"publish","type":"product","link":"http:\/\/ceramicfurniture.com\/tr\/product\/skew-coffee-table\/","title":{"rendered":"Skew Sehpa"},"content":{"rendered":"<div class=\"pd_item\">\n<h4 style=\"text-align: center;\">\u00dcr\u00fcn \u00d6l\u00e7\u00fcleri<\/h4>\n<div class=\"table-responsive\">\n<table class=\"table table-dark table-hover table-borderless\">\n<thead>\n<tr>\n<th><strong>Modul Ad\u0131<\/strong><\/th>\n<th class=\"text-center\">Geni\u015flik<\/th>\n<th class=\"text-center\">Derinlik<\/th>\n<th class=\"text-center\">Y\u00fckseklik<\/th>\n<\/tr>\n<\/thead>\n<tbody>\n<tr>\n<td class=\"bg-dark text-muted valign-center\">Sehpa<\/td>\n<td class=\"text-center\">106<\/td>\n<td class=\"text-center\">100<\/td>\n<td class=\"text-center\">40<\/td>\n<\/tr>\n<tr>\n<td class=\"bg-dark text-muted valign-center\">B\u00fcy\u00fck Sehpa<\/td>\n<td class=\"text-center\">67<\/td>\n<td class=\"text-center\">62<\/td>\n<td class=\"text-center\">50<\/td>\n<\/tr>\n<tr>\n<td class=\"bg-dark text-muted valign-center\">K\u00fc\u00e7\u00fck Sehpa<\/td>\n<td class=\"text-center\">51<\/td>\n<td class=\"text-center\">49<\/td>\n<td class=\"text-center\">55<\/td>\n<\/tr>\n<\/tbody>\n<\/table>\n<\/div>\n<\/div>","protected":false},"excerpt":{"rendered":"<p>Product Sizes Module Name Width Depth Height Coffee Table 106 100 40 Big Side Table 67 62 50 SmallSide Table 51 49 55<\/p>","protected":false},"featured_media":6550,"template":"","meta":[],"product_cat":[144],"product_tag":[],"aioseo_notices":[],"_links":{"self":[{"href":"http:\/\/ceramicfurniture.com\/tr\/wp-json\/wp\/v2\/product\/6549"}],"collection":[{"href":"http:\/\/ceramicfurniture.com\/tr\/wp-json\/wp\/v2\/product"}],"about":[{"href":"http:\/\/ceramicfurniture.com\/tr\/wp-json\/wp\/v2\/types\/product"}],"wp:featuredmedia":[{"embeddable":true,"href":"http:\/\/ceramicfurniture.com\/tr\/wp-json\/wp\/v2\/media\/6550"}],"wp:attachment":[{"href":"http:\/\/ceramicfurniture.com\/tr\/wp-json\/wp\/v2\/media?parent=6549"}],"wp:term":[{"taxonomy":"product_cat","embeddable":true,"href":"http:\/\/ceramicfurniture.com\/tr\/wp-json\/wp\/v2\/product_cat?post=6549"},{"taxonomy":"product_tag","embeddable":true,"href":"http:\/\/ceramicfurniture.com\/tr\/wp-json\/wp\/v2\/product_tag?post=6549"}],"curies":[{"name":"wp","href":"https:\/\/api.w.org\/{rel}","templated":true}]}}