{"id":6473,"date":"2023-09-17T00:10:21","date_gmt":"2023-09-17T00:10:21","guid":{"rendered":"https:\/\/ceramicfurniture.com\/?post_type=product&#038;p=6473"},"modified":"2023-10-17T19:53:57","modified_gmt":"2023-10-17T19:53:57","slug":"milano-dining-room-vol-1","status":"publish","type":"product","link":"https:\/\/ceramicfurniture.com\/tr\/product\/milano-dining-room-vol-1\/","title":{"rendered":"Milano Yemek Odas\u0131 Vol 1"},"content":{"rendered":"<div class=\"pd_item\">\n<h4 style=\"text-align: center;\">\u00dcr\u00fcn \u00d6l\u00e7\u00fcleri<\/h4>\n<div class=\"table-responsive\">\n<table class=\"table table-dark table-hover table-borderless\">\n<thead>\n<tr>\n<th><strong>Modul Ad\u0131<\/strong><\/th>\n<th class=\"text-center\">Geni\u015flik<\/th>\n<th class=\"text-center\">Derinlik<\/th>\n<th class=\"text-center\">Y\u00fckseklik<\/th>\n<\/tr>\n<\/thead>\n<tbody>\n<tr>\n<td class=\"bg-dark text-muted valign-center\">Konsol<\/td>\n<td class=\"text-center\">228<\/td>\n<td class=\"text-center\">49<\/td>\n<td class=\"text-center\">78<\/td>\n<\/tr>\n<tr>\n<td class=\"bg-dark text-muted valign-center\">Konsol Ayna<\/td>\n<td class=\"text-center\">100<\/td>\n<td class=\"text-center\">100<\/td>\n<td class=\"text-center\">3<\/td>\n<\/tr>\n<tr>\n<td class=\"bg-dark text-muted valign-center\">Masa<\/td>\n<td class=\"text-center\">200<\/td>\n<td class=\"text-center\">100<\/td>\n<td class=\"text-center\">77<\/td>\n<\/tr>\n<\/tbody>\n<\/table>\n<\/div>\n<\/div>","protected":false},"excerpt":{"rendered":"<p>Product Sizes Module Name Width Depth Height Console 228 49 78 Console Mirror 100 100 3 Table 200 100 77<\/p>","protected":false},"featured_media":7032,"template":"","meta":[],"product_cat":[149],"product_tag":[],"aioseo_notices":[],"_links":{"self":[{"href":"https:\/\/ceramicfurniture.com\/tr\/wp-json\/wp\/v2\/product\/6473"}],"collection":[{"href":"https:\/\/ceramicfurniture.com\/tr\/wp-json\/wp\/v2\/product"}],"about":[{"href":"https:\/\/ceramicfurniture.com\/tr\/wp-json\/wp\/v2\/types\/product"}],"wp:featuredmedia":[{"embeddable":true,"href":"https:\/\/ceramicfurniture.com\/tr\/wp-json\/wp\/v2\/media\/7032"}],"wp:attachment":[{"href":"https:\/\/ceramicfurniture.com\/tr\/wp-json\/wp\/v2\/media?parent=6473"}],"wp:term":[{"taxonomy":"product_cat","embeddable":true,"href":"https:\/\/ceramicfurniture.com\/tr\/wp-json\/wp\/v2\/product_cat?post=6473"},{"taxonomy":"product_tag","embeddable":true,"href":"https:\/\/ceramicfurniture.com\/tr\/wp-json\/wp\/v2\/product_tag?post=6473"}],"curies":[{"name":"wp","href":"https:\/\/api.w.org\/{rel}","templated":true}]}}